{"id":1325,"date":"2024-07-14T10:32:14","date_gmt":"2024-07-14T10:32:14","guid":{"rendered":"https:\/\/kerouzere.fr\/medieval-festival-at-kerouzere\/"},"modified":"2024-08-05T14:33:56","modified_gmt":"2024-08-05T14:33:56","slug":"medieval-festival-at-kerouzere","status":"publish","type":"page","link":"https:\/\/kerouzere.fr\/en\/medieval-festival-at-kerouzere\/","title":{"rendered":"Medieval festival at Kerouz\u00e9r\u00e9"},"content":{"rendered":"<p>[et_pb_section fb_built=&#8221;1&#8243; admin_label=&#8221;Hero&#8221; _builder_version=&#8221;4.25.1&#8243; _module_preset=&#8221;74c69059-8e69-4122-b1e6-dfeabf6c5711&#8243; background_color=&#8221;RGBA(255,255,255,0)&#8221; background_enable_image=&#8221;off&#8221; custom_margin=&#8221;||23px|||&#8221; custom_padding=&#8221;30px||0px||false|false&#8221; bottom_divider_height=&#8221;7vw&#8221; bottom_divider_flip=&#8221;horizontal&#8221; locked=&#8221;off&#8221; collapsed=&#8221;on&#8221; global_colors_info=&#8221;{}&#8221;][et_pb_row _builder_version=&#8221;4.25.1&#8243; _module_preset=&#8221;5138c454-be54-4233-bd3b-f8e6a8747976&#8243; custom_padding=&#8221;2px||0px|||&#8221; custom_css_main_element=&#8221;text-align:center;&#8221; locked=&#8221;off&#8221; global_colors_info=&#8221;{}&#8221;][et_pb_column type=&#8221;4_4&#8243; _builder_version=&#8221;4.16&#8243; _module_preset=&#8221;73121f80-a3ef-4484-8763-c3f18e3c56d2&#8243; global_colors_info=&#8221;{}&#8221;][et_pb_text _builder_version=&#8221;4.25.1&#8243; _module_preset=&#8221;default&#8221; header_text_align=&#8221;center&#8221; header_text_color=&#8221;#0F404C&#8221; global_colors_info=&#8221;{}&#8221;]<\/p>\n<h1>Medieval festival at Kerouz\u00e9r\u00e9<\/h1>\n<p>[\/et_pb_text][\/et_pb_column][\/et_pb_row][et_pb_row _builder_version=&#8221;4.25.1&#8243; _module_preset=&#8221;5138c454-be54-4233-bd3b-f8e6a8747976&#8243; custom_padding=&#8221;2px||0px|||&#8221; custom_css_main_element=&#8221;text-align:center;&#8221; locked=&#8221;off&#8221; global_colors_info=&#8221;{}&#8221;][et_pb_column type=&#8221;4_4&#8243; _builder_version=&#8221;4.16&#8243; _module_preset=&#8221;73121f80-a3ef-4484-8763-c3f18e3c56d2&#8243; global_colors_info=&#8221;{}&#8221;][et_pb_text _builder_version=&#8221;4.25.1&#8243; _module_preset=&#8221;default&#8221; text_font_size=&#8221;15px&#8221; header_text_align=&#8221;center&#8221; header_text_color=&#8221;#0F404C&#8221; header_font_size=&#8221;36px&#8221; header_2_font=&#8221;||on||||||&#8221; header_2_text_align=&#8221;center&#8221; header_2_font_size=&#8221;33px&#8221; min_height=&#8221;40px&#8221; global_colors_info=&#8221;{}&#8221;]<\/p>\n<h2>Back to the the Middle Ages in Sibiril<\/h2>\n<p>[\/et_pb_text][\/et_pb_column][\/et_pb_row][et_pb_row _builder_version=&#8221;4.25.1&#8243; _module_preset=&#8221;5138c454-be54-4233-bd3b-f8e6a8747976&#8243; custom_padding=&#8221;2px||0px|||&#8221; custom_css_main_element=&#8221;text-align:center;&#8221; locked=&#8221;off&#8221; global_colors_info=&#8221;{}&#8221;][et_pb_column type=&#8221;4_4&#8243; _builder_version=&#8221;4.16&#8243; _module_preset=&#8221;73121f80-a3ef-4484-8763-c3f18e3c56d2&#8243; global_colors_info=&#8221;{}&#8221;][et_pb_text _builder_version=&#8221;4.25.1&#8243; _module_preset=&#8221;default&#8221; text_font_size=&#8221;21px&#8221; header_text_align=&#8221;center&#8221; header_text_color=&#8221;#0F404C&#8221; header_font_size=&#8221;36px&#8221; header_2_font=&#8221;||on||||||&#8221; header_2_text_align=&#8221;center&#8221; header_2_font_size=&#8221;33px&#8221; header_3_font_size=&#8221;18px&#8221; min_height=&#8221;40px&#8221; global_colors_info=&#8221;{}&#8221;]<\/p>\n<p style=\"text-align: center;\"><strong>Sunday 11 August 2024 from 10 a.m. to 6 p.m.<\/strong><\/p>\n<p>[\/et_pb_text][\/et_pb_column][\/et_pb_row][\/et_pb_section][et_pb_section fb_built=&#8221;1&#8243; admin_label=&#8221;Text&#8221; module_id=&#8221;opening hours&#8221; _builder_version=&#8221;4.25.1&#8243; _module_preset=&#8221;default&#8221; custom_padding=&#8221;29px|||||&#8221; locked=&#8221;off&#8221; collapsed=&#8221;on&#8221; global_colors_info=&#8221;{}&#8221;][et_pb_row column_structure=&#8221;1_2,1_2&#8243; use_custom_gutter=&#8221;on&#8221; make_equal=&#8221;on&#8221; _builder_version=&#8221;4.25.1&#8243; _module_preset=&#8221;5138c454-be54-4233-bd3b-f8e6a8747976&#8243; custom_margin=&#8221;||10px||false|false&#8221; custom_padding=&#8221;0px|||||&#8221; global_colors_info=&#8221;{}&#8221;][et_pb_column type=&#8221;1_2&#8243; _builder_version=&#8221;4.25.1&#8243; _module_preset=&#8221;73121f80-a3ef-4484-8763-c3f18e3c56d2&#8243; custom_padding=&#8221;||||true|true&#8221; global_colors_info=&#8221;{}&#8221;][et_pb_blurb title=&#8221;What is it?&#8221; content_max_width=&#8221;100%&#8221; _builder_version=&#8221;4.25.1&#8243; _module_preset=&#8221;default&#8221; header_level=&#8221;h2&#8243; header_font_size=&#8221;28px&#8221; custom_margin=&#8221;||-2px|||&#8221; custom_padding=&#8221;30px|20px|30px|20px|true|true&#8221; custom_css_blurb_title=&#8221;margin-bottom:20px&#8221; box_shadow_style=&#8221;preset1&#8243; box_shadow_color=&#8221;rgba(0,0,0,0.17)&#8221; global_colors_info=&#8221;{}&#8221;]<\/p>\n<p><em>Le dimanche 11 ao\u00fbt 2024, l&#8217;association Bir Ha Dir, en partenariat avec MMH, replonge le ch\u00e2teau fort de Kerouz\u00e9r\u00e9 \u00e0 Sibiril dans le Moyen-\u00c2ge le temps d&#8217;une journ\u00e9e de f\u00eate m\u00e9di\u00e9vale.<\/em><\/p>\n<p><span style=\"text-decoration: underline;\"><\/span><\/p>\n<p><span style=\"text-decoration: underline;\">Au programme de cette journ\u00e9e :<\/span><\/p>\n<p><b>\u2694\ufe0f<\/b>Pr\u00e9sentation des <b>2 spectacles m\u00e9di\u00e9vaux <\/b>phares de l&#8217;association Bir Ha Dir<\/p>\n<p><b>\ud83e\udd3a<\/b> Ateliers d&#8217;initiation au <b>combat \u00e0 l&#8217;\u00e9p\u00e9e<\/b>, pr\u00e9sence d&#8217;un <b>barde chantant<\/b><\/p>\n<p>\ud83d\uded6Pr\u00e9sence d&#8217;un <b>march\u00e9 d&#8217;artisans locaux <\/b>dans une ambiance m\u00e9di\u00e9vale<\/p>\n<p>\ud83d\udce2\u00a0<strong>Visites guid\u00e9es<\/strong> de l&#8217;<strong>ext\u00e9rieur<\/strong> du ch\u00e2teau<\/p>\n<p>\ud83c\udfb2<strong>Jeux d&#8217;adresse<\/strong>\u00a0en ext\u00e9rieur<\/p>\n<p><strong>\ud83c\udf2eRestauration sur place<\/strong> avec la pr\u00e9sence de foodtrucks et d&#8217;une buvette<\/p>\n<p>&nbsp;<\/p>\n<p>[\/et_pb_blurb][\/et_pb_column][et_pb_column type=&#8221;1_2&#8243; _builder_version=&#8221;4.25.1&#8243; _module_preset=&#8221;73121f80-a3ef-4484-8763-c3f18e3c56d2&#8243; background_enable_image=&#8221;off&#8221; custom_padding=&#8221;||||true|true&#8221; global_colors_info=&#8221;{}&#8221;][et_pb_image src=&#8221;https:\/\/kerouzere.fr\/wp-content\/uploads\/2024\/07\/V2_4.png&#8221; alt=&#8221;V2 4&#8243; title_text=&#8221;V2 4&#8243; _builder_version=&#8221;4.25.1&#8243; _module_preset=&#8221;default&#8221; global_colors_info=&#8221;{}&#8221;][\/et_pb_image][\/et_pb_column][\/et_pb_row][et_pb_row column_structure=&#8221;1_2,1_2&#8243; use_custom_gutter=&#8221;on&#8221; _builder_version=&#8221;4.25.1&#8243; _module_preset=&#8221;5138c454-be54-4233-bd3b-f8e6a8747976&#8243; custom_padding=&#8221;0px||0px|||&#8221; global_colors_info=&#8221;{}&#8221;][et_pb_column type=&#8221;1_2&#8243; _builder_version=&#8221;4.25.1&#8243; _module_preset=&#8221;73121f80-a3ef-4484-8763-c3f18e3c56d2&#8243; custom_padding=&#8221;||||true|true&#8221; global_colors_info=&#8221;{}&#8221;][et_pb_image src=&#8221;https:\/\/kerouzere.fr\/wp-content\/uploads\/2024\/05\/trait-dore-4x.png&#8221; alt=&#8221;dore line-4x&#8221; title_text=&#8221;dore line-4x&#8221; _builder_version=&#8221;4.25.1&#8243; _module_preset=&#8221;c111bde7-f442-4e9f-b749-6d33d4a161aa&#8221; global_colors_info=&#8221;{}&#8221;][\/et_pb_image][et_pb_blurb title=&#8221;When?&#8221; content_max_width=&#8221;100%&#8221; _builder_version=&#8221;4.25.1&#8243; _module_preset=&#8221;default&#8221; header_level=&#8221;h1&#8243; custom_margin=&#8221;40px||40px||false|false&#8221; custom_padding=&#8221;30px|20px|30px|20px|true|true&#8221; custom_css_blurb_title=&#8221;margin-bottom:20px&#8221; box_shadow_style=&#8221;preset1&#8243; box_shadow_color=&#8221;rgba(0,0,0,0.17)&#8221; global_colors_info=&#8221;{}&#8221;]<\/p>\n<ul>\n<li><strong>Sunday 11 August 2024<\/strong><\/li>\n<li>From 10 a.m. to 6 p.m.<\/li>\n<\/ul>\n<p>[\/et_pb_blurb][\/et_pb_column][et_pb_column type=&#8221;1_2&#8243; _builder_version=&#8221;4.25.1&#8243; _module_preset=&#8221;73121f80-a3ef-4484-8763-c3f18e3c56d2&#8243; custom_padding=&#8221;||||true|true&#8221; global_colors_info=&#8221;{}&#8221;][et_pb_image src=&#8221;https:\/\/kerouzere.fr\/wp-content\/uploads\/2024\/05\/trait-dore-4x.png&#8221; alt=&#8221;dore line-4x&#8221; title_text=&#8221;dore line-4x&#8221; _builder_version=&#8221;4.25.1&#8243; _module_preset=&#8221;c111bde7-f442-4e9f-b749-6d33d4a161aa&#8221; global_colors_info=&#8221;{}&#8221;][\/et_pb_image][et_pb_blurb title=&#8221;Pricing&#8221; content_max_width=&#8221;100%&#8221; _builder_version=&#8221;4.25.1&#8243; _module_preset=&#8221;default&#8221; header_level=&#8221;h1&#8243; header_text_align=&#8221;left&#8221; body_text_align=&#8221;left&#8221; width_tablet=&#8221;&#8221; width_phone=&#8221;&#8221; width_last_edited=&#8221;on|desktop&#8221; module_alignment=&#8221;left&#8221; min_height=&#8221;196.8px&#8221; custom_margin=&#8221;40px||40px||false|false&#8221; custom_padding=&#8221;30px|20px|30px|20px|true|true&#8221; custom_css_blurb_title=&#8221;margin-bottom:20px&#8221; box_shadow_style=&#8221;preset1&#8243; box_shadow_color=&#8221;rgba(0,0,0,0.17)&#8221; global_colors_info=&#8221;{}&#8221;]<\/p>\n<ul>\n<li><span style=\"font-size: 16px;\">Full price : 4\u20ac <\/span><\/li>\n<li>Reduced price (if costumed) : 3\u20ac<\/li>\n<li>Free for children under 12<\/li>\n<\/ul>\n<p><span style=\"font-size: 16px;\"><strong><\/strong><\/span><\/p>\n<p>[\/et_pb_blurb][\/et_pb_column][\/et_pb_row][\/et_pb_section]<\/p>\n","protected":false},"excerpt":{"rendered":"<p>Medieval festival at Kerouz\u00e9r\u00e9Back to the the Middle Ages in SibirilSunday 11 August 2024 from 10 a.m. to 6 p.m.Le dimanche 11 ao\u00fbt 2024, l&#8217;association Bir Ha Dir, en partenariat avec MMH, replonge le ch\u00e2teau fort de Kerouz\u00e9r\u00e9 \u00e0 Sibiril dans le Moyen-\u00c2ge le temps d&#8217;une journ\u00e9e de f\u00eate m\u00e9di\u00e9vale. Au programme de cette journ\u00e9e [&hellip;]<\/p>\n","protected":false},"author":2,"featured_media":0,"parent":0,"menu_order":0,"comment_status":"closed","ping_status":"closed","template":"","meta":{"_et_pb_use_builder":"on","_et_pb_old_content":"","_et_gb_content_width":"","footnotes":""},"class_list":["post-1325","page","type-page","status-publish","hentry"],"_links":{"self":[{"href":"https:\/\/kerouzere.fr\/en\/wp-json\/wp\/v2\/pages\/1325","targetHints":{"allow":["GET"]}}],"collection":[{"href":"https:\/\/kerouzere.fr\/en\/wp-json\/wp\/v2\/pages"}],"about":[{"href":"https:\/\/kerouzere.fr\/en\/wp-json\/wp\/v2\/types\/page"}],"author":[{"embeddable":true,"href":"https:\/\/kerouzere.fr\/en\/wp-json\/wp\/v2\/users\/2"}],"replies":[{"embeddable":true,"href":"https:\/\/kerouzere.fr\/en\/wp-json\/wp\/v2\/comments?post=1325"}],"version-history":[{"count":7,"href":"https:\/\/kerouzere.fr\/en\/wp-json\/wp\/v2\/pages\/1325\/revisions"}],"predecessor-version":[{"id":1391,"href":"https:\/\/kerouzere.fr\/en\/wp-json\/wp\/v2\/pages\/1325\/revisions\/1391"}],"wp:attachment":[{"href":"https:\/\/kerouzere.fr\/en\/wp-json\/wp\/v2\/media?parent=1325"}],"curies":[{"name":"wp","href":"https:\/\/api.w.org\/{rel}","templated":true}]}}