{"id":982,"date":"2024-05-21T06:39:50","date_gmt":"2024-05-21T06:39:50","guid":{"rendered":"https:\/\/kerouzere.fr\/weddings-special-occasions\/"},"modified":"2024-09-08T21:49:57","modified_gmt":"2024-09-08T21:49:57","slug":"weddings-special-occasions","status":"publish","type":"page","link":"https:\/\/kerouzere.fr\/en\/weddings-special-occasions\/","title":{"rendered":"Weddings \/ special occasions"},"content":{"rendered":"<p>[et_pb_section fb_built=&#8221;1&#8243; _builder_version=&#8221;4.25.1&#8243; _module_preset=&#8221;default&#8221; use_background_color_gradient=&#8221;on&#8221; background_color_gradient_stops=&#8221;rgba(0,0,0,0.5) 0%|rgba(0,0,0,0.5) 100%&#8221; background_color_gradient_overlays_image=&#8221;on&#8221; background_image=&#8221;https:\/\/kerouzere.fr\/wp-content\/uploads\/2024\/08\/2.-Chateau-vue-Sud-barnums.jpg&#8221; custom_padding=&#8221;0px||0px||false|&#8221; global_colors_info=&#8221;{}&#8221;][et_pb_row _builder_version=&#8221;4.25.1&#8243; _module_preset=&#8221;default&#8221; custom_margin=&#8221;||||false|false&#8221; custom_padding=&#8221;25vh||0px||false|false&#8221; global_colors_info=&#8221;{}&#8221;][et_pb_column type=&#8221;4_4&#8243; _builder_version=&#8221;4.25.1&#8243; _module_preset=&#8221;default&#8221; global_colors_info=&#8221;{}&#8221;][et_pb_text _builder_version=&#8221;4.25.1&#8243; _module_preset=&#8221;default&#8221; text_font=&#8221;Cormorant-regular|300|||||||&#8221; text_text_color=&#8221;#FFFFFF&#8221; text_font_size=&#8221;70px&#8221; text_line_height=&#8221;78px&#8221; header_text_align=&#8221;center&#8221; header_text_color=&#8221;#FFFFFF&#8221; header_font_size=&#8221;70px&#8221; header_line_height=&#8221;75px&#8221; header_2_text_align=&#8221;center&#8221; header_2_text_color=&#8221;#FFFFFF&#8221; header_2_font_size=&#8221;70px&#8221; header_2_line_height=&#8221;78px&#8221; text_orientation=&#8221;center&#8221; custom_margin=&#8221;||0px||false|false&#8221; animation_style=&#8221;fade&#8221; animation_delay=&#8221;1000ms&#8221; text_font_size_tablet=&#8221;55px&#8221; text_font_size_phone=&#8221;45px&#8221; text_font_size_last_edited=&#8221;on|tablet&#8221; text_line_height_tablet=&#8221;63px&#8221; text_line_height_phone=&#8221;53px&#8221; text_line_height_last_edited=&#8221;on|phone&#8221; global_colors_info=&#8221;{}&#8221;]<\/p>\n<p>An exceptional place,<\/p>\n<p>[\/et_pb_text][et_pb_text _builder_version=&#8221;4.25.1&#8243; _module_preset=&#8221;default&#8221; text_font=&#8221;Cormorant-regular|300|||||||&#8221; text_text_color=&#8221;#FFFFFF&#8221; text_font_size=&#8221;70px&#8221; text_line_height=&#8221;78px&#8221; header_text_align=&#8221;center&#8221; header_text_color=&#8221;#FFFFFF&#8221; header_font_size=&#8221;70px&#8221; header_line_height=&#8221;75px&#8221; header_2_text_align=&#8221;center&#8221; header_2_text_color=&#8221;#FFFFFF&#8221; header_2_font_size=&#8221;70px&#8221; header_2_line_height=&#8221;78px&#8221; text_orientation=&#8221;center&#8221; custom_margin=&#8221;||22vh||false|false&#8221; custom_margin_tablet=&#8221;||22vh||false|false&#8221; custom_margin_phone=&#8221;||15vh||false|false&#8221; custom_margin_last_edited=&#8221;on|tablet&#8221; animation_style=&#8221;fade&#8221; animation_delay=&#8221;2000ms&#8221; text_font_size_tablet=&#8221;55px&#8221; text_font_size_phone=&#8221;45px&#8221; text_font_size_last_edited=&#8221;on|phone&#8221; text_line_height_tablet=&#8221;63px&#8221; text_line_height_phone=&#8221;53px&#8221; text_line_height_last_edited=&#8221;on|phone&#8221; global_colors_info=&#8221;{}&#8221;]<\/p>\n<p>for a unique event<\/p>\n<p>[\/et_pb_text][et_pb_button button_url=&#8221;#mariages-occasions&#8221; button_text=&#8221;Discover&#8221; _builder_version=&#8221;4.25.1&#8243; _module_preset=&#8221;60c7d238-2dc8-42ec-a649-e3f15e0243da&#8221; animation_delay=&#8221;3500ms&#8221; global_colors_info=&#8221;{}&#8221;][\/et_pb_button][\/et_pb_column][\/et_pb_row][\/et_pb_section][et_pb_section fb_built=&#8221;1&#8243; module_id=&#8221;weddings-occasions&#8221; _builder_version=&#8221;4.25.1&#8243; _module_preset=&#8221;default&#8221; custom_padding=&#8221;16px||1px|||&#8221; global_colors_info=&#8221;{}&#8221;][et_pb_row _builder_version=&#8221;4.25.1&#8243; _module_preset=&#8221;default&#8221; custom_margin=&#8221;|auto|40px|auto||&#8221; custom_padding=&#8221;2px||3px|||&#8221; global_colors_info=&#8221;{}&#8221;][et_pb_column type=&#8221;4_4&#8243; _builder_version=&#8221;4.25.1&#8243; _module_preset=&#8221;default&#8221; global_colors_info=&#8221;{}&#8221;][et_pb_text _builder_version=&#8221;4.25.1&#8243; _module_preset=&#8221;default&#8221; text_font_size=&#8221;18px&#8221; text_orientation=&#8221;center&#8221; max_width=&#8221;1000px&#8221; module_alignment=&#8221;center&#8221; global_colors_info=&#8221;{}&#8221;]<\/p>\n<p><em>&#8220;Nothing more romantic, more medieval and truly beautiful&#8221;<\/em><\/p>\n<p>F. du Boisgobey, <em>Voyage in Brittany<\/em>, 1839<\/p>\n<p>[\/et_pb_text][\/et_pb_column][\/et_pb_row][et_pb_row _builder_version=&#8221;4.25.1&#8243; _module_preset=&#8221;default&#8221; custom_padding=&#8221;2px||3px|||&#8221; global_colors_info=&#8221;{}&#8221;][et_pb_column type=&#8221;4_4&#8243; _builder_version=&#8221;4.25.1&#8243; _module_preset=&#8221;default&#8221; global_colors_info=&#8221;{}&#8221;][et_pb_text _builder_version=&#8221;4.25.1&#8243; _module_preset=&#8221;default&#8221; header_text_align=&#8221;center&#8221; header_text_color=&#8221;#0F404C&#8221; global_colors_info=&#8221;{}&#8221;]<\/p>\n<h1>Mariages \/ Occasions sp\u00e9ciales<\/h1>\n<p>[\/et_pb_text][et_pb_text _builder_version=&#8221;4.25.1&#8243; _module_preset=&#8221;default&#8221; text_orientation=&#8221;center&#8221; max_width=&#8221;1000px&#8221; module_alignment=&#8221;center&#8221; global_colors_info=&#8221;{}&#8221;]<\/p>\n<p>If you&#8217;d like to combine the character of a 15th-century medieval fortress with the intimacy of an old Breton private home steeped in history, Ch\u00e2teau de Kerouz\u00e9r\u00e9, just 1km off the coasts of Finist\u00e8re, is the perfect place to celebrate your wedding or any special occasion (anniversary, family reunion, themed balls, etc.).<\/p>\n<p>Book the estate (park + the entire ground floor of the Ch\u00e2teau) for a weekend.<\/p>\n<p>[\/et_pb_text][et_pb_image src=&#8221;https:\/\/kerouzere.fr\/wp-content\/uploads\/2024\/05\/trait-dore-4x.png&#8221; alt=&#8221;dore line-4x&#8221; title_text=&#8221;dore line-4x&#8221; _builder_version=&#8221;4.25.1&#8243; _module_preset=&#8221;c111bde7-f442-4e9f-b749-6d33d4a161aa&#8221; global_colors_info=&#8221;{}&#8221;][\/et_pb_image][\/et_pb_column][\/et_pb_row][\/et_pb_section][et_pb_section fb_built=&#8221;1&#8243; admin_label=&#8221;Text&#8221; module_id=&#8221;opening hours&#8221; _builder_version=&#8221;4.25.1&#8243; _module_preset=&#8221;default&#8221; custom_padding=&#8221;0px|||||&#8221; locked=&#8221;off&#8221; collapsed=&#8221;on&#8221; global_colors_info=&#8221;{}&#8221;][et_pb_row column_structure=&#8221;1_2,1_2&#8243; _builder_version=&#8221;4.25.1&#8243; _module_preset=&#8221;5138c454-be54-4233-bd3b-f8e6a8747976&#8243; global_colors_info=&#8221;{}&#8221;][et_pb_column type=&#8221;1_2&#8243; _builder_version=&#8221;4.16.1&#8243; _module_preset=&#8221;73121f80-a3ef-4484-8763-c3f18e3c56d2&#8243; global_colors_info=&#8221;{}&#8221;][et_pb_text _builder_version=&#8221;4.25.1&#8243; _module_preset=&#8221;default&#8221; header_2_text_align=&#8221;center&#8221; header_3_text_align=&#8221;center&#8221; custom_margin=&#8221;||6px|||&#8221; global_colors_info=&#8221;{}&#8221;]<\/p>\n<h2>Interiors<\/h2>\n<p>[\/et_pb_text][et_pb_image src=&#8221;https:\/\/kerouzere.fr\/wp-content\/uploads\/2024\/05\/Trait-or-moitie.png&#8221; alt=&#8221;Trait or moitie&#8221; title_text=&#8221;Trait or moitie&#8221; _builder_version=&#8221;4.25.1&#8243; _module_preset=&#8221;c111bde7-f442-4e9f-b749-6d33d4a161aa&#8221; max_width=&#8221;180px&#8221; custom_margin=&#8221;||23px||false|false&#8221; global_colors_info=&#8221;{}&#8221;][\/et_pb_image][et_pb_text _builder_version=&#8221;4.25.1&#8243; _module_preset=&#8221;default&#8221; text_orientation=&#8221;center&#8221; global_colors_info=&#8221;{}&#8221;]<\/p>\n<p>You will have access to a main reception area of 65m\u00b2, plus two adjoining areas of 20m\u00b2 and 15m\u00b2 &#8211; for a total surface area of 100m\u00b2.<\/p>\n<p>A 35m\u00b2 quiet area at the other end of the ch\u00e2teau can also be used by the caterer for receptions with marquees.<\/p>\n<p>[\/et_pb_text][\/et_pb_column][et_pb_column type=&#8221;1_2&#8243; _builder_version=&#8221;4.16.1&#8243; _module_preset=&#8221;73121f80-a3ef-4484-8763-c3f18e3c56d2&#8243; global_colors_info=&#8221;{}&#8221;][et_pb_text _builder_version=&#8221;4.25.1&#8243; _module_preset=&#8221;default&#8221; header_2_text_align=&#8221;center&#8221; header_3_text_align=&#8221;center&#8221; custom_margin=&#8221;||6px|||&#8221; global_colors_info=&#8221;{}&#8221;]<\/p>\n<h2>Capacity<\/h2>\n<p>[\/et_pb_text][et_pb_image src=&#8221;https:\/\/kerouzere.fr\/wp-content\/uploads\/2024\/05\/Trait-or-moitie.png&#8221; alt=&#8221;Trait or moitie&#8221; title_text=&#8221;Trait or moitie&#8221; _builder_version=&#8221;4.25.1&#8243; _module_preset=&#8221;c111bde7-f442-4e9f-b749-6d33d4a161aa&#8221; max_width=&#8221;180px&#8221; custom_margin=&#8221;||23px||false|false&#8221; global_colors_info=&#8221;{}&#8221;][\/et_pb_image][et_pb_text _builder_version=&#8221;4.25.1&#8243; _module_preset=&#8221;default&#8221; text_orientation=&#8221;center&#8221; global_colors_info=&#8221;{}&#8221;]<\/p>\n<p>The ground floor can hold 80 seated guests.<\/p>\n<p>This capacity can rise to 130 standing guests.<\/p>\n<p>Finally, for larger receptions, marquees can be hired from partner companies.<\/p>\n<p>[\/et_pb_text][\/et_pb_column][\/et_pb_row][et_pb_row column_structure=&#8221;1_2,1_2&#8243; _builder_version=&#8221;4.25.1&#8243; _module_preset=&#8221;5138c454-be54-4233-bd3b-f8e6a8747976&#8243; global_colors_info=&#8221;{}&#8221;][et_pb_column type=&#8221;1_2&#8243; _builder_version=&#8221;4.16.1&#8243; _module_preset=&#8221;73121f80-a3ef-4484-8763-c3f18e3c56d2&#8243; global_colors_info=&#8221;{}&#8221;][et_pb_text _builder_version=&#8221;4.25.1&#8243; _module_preset=&#8221;default&#8221; header_2_text_align=&#8221;center&#8221; header_3_text_align=&#8221;center&#8221; custom_margin=&#8221;||6px|||&#8221; global_colors_info=&#8221;{}&#8221;]<\/p>\n<h2>Accommodation<\/h2>\n<p>[\/et_pb_text][et_pb_image src=&#8221;https:\/\/kerouzere.fr\/wp-content\/uploads\/2024\/05\/Trait-or-moitie.png&#8221; alt=&#8221;Trait or moitie&#8221; title_text=&#8221;Trait or moitie&#8221; _builder_version=&#8221;4.25.1&#8243; _module_preset=&#8221;c111bde7-f442-4e9f-b749-6d33d4a161aa&#8221; max_width=&#8221;180px&#8221; custom_margin=&#8221;||23px||false|false&#8221; global_colors_info=&#8221;{}&#8221;][\/et_pb_image][et_pb_text _builder_version=&#8221;4.25.1&#8243; _module_preset=&#8221;default&#8221; text_orientation=&#8221;center&#8221; global_colors_info=&#8221;{}&#8221;]<\/p>\n<p>We offer a list of partner accommodations with over 100 beds within 8 km to host your guests, as well as a taxi-shuttle system to ensure safe returns.<\/p>\n<p>[\/et_pb_text][\/et_pb_column][et_pb_column type=&#8221;1_2&#8243; _builder_version=&#8221;4.16.1&#8243; _module_preset=&#8221;73121f80-a3ef-4484-8763-c3f18e3c56d2&#8243; global_colors_info=&#8221;{}&#8221;][et_pb_text _builder_version=&#8221;4.25.1&#8243; _module_preset=&#8221;default&#8221; header_2_text_align=&#8221;center&#8221; header_3_text_align=&#8221;center&#8221; custom_margin=&#8221;||6px|||&#8221; global_colors_info=&#8221;{}&#8221;]<\/p>\n<h2>Partners<\/h2>\n<p>[\/et_pb_text][et_pb_image src=&#8221;https:\/\/kerouzere.fr\/wp-content\/uploads\/2024\/05\/Trait-or-moitie.png&#8221; alt=&#8221;Trait or moitie&#8221; title_text=&#8221;Trait or moitie&#8221; _builder_version=&#8221;4.25.1&#8243; _module_preset=&#8221;c111bde7-f442-4e9f-b749-6d33d4a161aa&#8221; max_width=&#8221;180px&#8221; custom_margin=&#8221;||23px||false|false&#8221; global_colors_info=&#8221;{}&#8221;][\/et_pb_image][et_pb_text _builder_version=&#8221;4.25.1&#8243; _module_preset=&#8221;default&#8221; text_orientation=&#8221;center&#8221; global_colors_info=&#8221;{}&#8221;]Once the contract has been signed, we will provide you a list of recurring, trusted partners, but you are of course free to hire any contractor\/company you may want.[\/et_pb_text][\/et_pb_column][\/et_pb_row][et_pb_row use_custom_gutter=&#8221;on&#8221; _builder_version=&#8221;4.25.1&#8243; _module_preset=&#8221;5138c454-be54-4233-bd3b-f8e6a8747976&#8243; custom_padding=&#8221;0px|||||&#8221; global_colors_info=&#8221;{}&#8221;][et_pb_column type=&#8221;4_4&#8243; _builder_version=&#8221;4.25.1&#8243; _module_preset=&#8221;73121f80-a3ef-4484-8763-c3f18e3c56d2&#8243; custom_padding=&#8221;||||true|true&#8221; global_colors_info=&#8221;{}&#8221;][et_pb_image src=&#8221;https:\/\/kerouzere.fr\/wp-content\/uploads\/2024\/05\/trait-dore-4x.png&#8221; alt=&#8221;dore line-4x&#8221; title_text=&#8221;dore line-4x&#8221; _builder_version=&#8221;4.25.1&#8243; _module_preset=&#8221;c111bde7-f442-4e9f-b749-6d33d4a161aa&#8221; custom_margin=&#8221;30px||||false|false&#8221; global_colors_info=&#8221;{}&#8221;][\/et_pb_image][et_pb_text _builder_version=&#8221;4.25.1&#8243; _module_preset=&#8221;default&#8221; header_2_text_align=&#8221;center&#8221; global_colors_info=&#8221;{}&#8221;]<\/p>\n<h2>Rates<\/h2>\n<p>[\/et_pb_text][et_pb_text _builder_version=&#8221;4.25.1&#8243; _module_preset=&#8221;default&#8221; text_orientation=&#8221;center&#8221; max_width=&#8221;700px&#8221; module_alignment=&#8221;center&#8221; global_colors_info=&#8221;{}&#8221;]<\/p>\n<p>Rental of the ground floor from Saturday 12 noon to Sunday 5pm is \u20ac3,600 incl. VAT.<\/p>\n<p>It is possible to come and install decorations from Friday 12 noon, but this must not interfere with the tours organized on Friday (the ch\u00e2teau is closed to visitors on Saturday and Sunday).<\/p>\n<p>Rentals for special occasions during the day or week will be subject to a specific quotation.<\/p>\n<p>[\/et_pb_text][et_pb_button button_url=&#8221;https:\/\/kerouzere.fr\/en\/contact\/&#8221; button_text=&#8221;Contact us&#8221; button_alignment=&#8221;center&#8221; _builder_version=&#8221;4.25.1&#8243; _module_preset=&#8221;default&#8221; global_colors_info=&#8221;{}&#8221;][\/et_pb_button][\/et_pb_column][\/et_pb_row][\/et_pb_section]<\/p>\n","protected":false},"excerpt":{"rendered":"<p>An exceptional place,for a unique event&#8221;Nothing more romantic, more medieval and truly beautiful&#8221; F. du Boisgobey, Voyage in Brittany, 1839Mariages \/ Occasions sp\u00e9cialesIf you&#8217;d like to combine the character of a 15th-century medieval fortress with the intimacy of an old Breton private home steeped in history, Ch\u00e2teau de Kerouz\u00e9r\u00e9, just 1km off the coasts of [&hellip;]<\/p>\n","protected":false},"author":1,"featured_media":0,"parent":0,"menu_order":0,"comment_status":"closed","ping_status":"closed","template":"","meta":{"_et_pb_use_builder":"on","_et_pb_old_content":"","_et_gb_content_width":"","footnotes":""},"class_list":["post-982","page","type-page","status-publish","hentry"],"_links":{"self":[{"href":"https:\/\/kerouzere.fr\/en\/wp-json\/wp\/v2\/pages\/982","targetHints":{"allow":["GET"]}}],"collection":[{"href":"https:\/\/kerouzere.fr\/en\/wp-json\/wp\/v2\/pages"}],"about":[{"href":"https:\/\/kerouzere.fr\/en\/wp-json\/wp\/v2\/types\/page"}],"author":[{"embeddable":true,"href":"https:\/\/kerouzere.fr\/en\/wp-json\/wp\/v2\/users\/1"}],"replies":[{"embeddable":true,"href":"https:\/\/kerouzere.fr\/en\/wp-json\/wp\/v2\/comments?post=982"}],"version-history":[{"count":18,"href":"https:\/\/kerouzere.fr\/en\/wp-json\/wp\/v2\/pages\/982\/revisions"}],"predecessor-version":[{"id":1528,"href":"https:\/\/kerouzere.fr\/en\/wp-json\/wp\/v2\/pages\/982\/revisions\/1528"}],"wp:attachment":[{"href":"https:\/\/kerouzere.fr\/en\/wp-json\/wp\/v2\/media?parent=982"}],"curies":[{"name":"wp","href":"https:\/\/api.w.org\/{rel}","templated":true}]}}