{"id":988,"date":"2024-05-21T06:40:11","date_gmt":"2024-05-21T06:40:11","guid":{"rendered":"https:\/\/kerouzere.fr\/filming\/"},"modified":"2024-07-15T11:02:08","modified_gmt":"2024-07-15T11:02:08","slug":"filming","status":"publish","type":"page","link":"https:\/\/kerouzere.fr\/en\/filming\/","title":{"rendered":"Filming"},"content":{"rendered":"<p>[et_pb_section fb_built=&#8221;1&#8243; _builder_version=&#8221;4.25.1&#8243; _module_preset=&#8221;default&#8221; use_background_color_gradient=&#8221;on&#8221; background_color_gradient_stops=&#8221;rgba(0,0,0,0.5) 0%|rgba(0,0,0,0.5) 100%&#8221; background_color_gradient_overlays_image=&#8221;on&#8221; background_image=&#8221;https:\/\/kerouzere.fr\/wp-content\/uploads\/2024\/06\/Toits-Kerouzere.jpg&#8221; custom_padding=&#8221;0px||0px||false|&#8221; locked=&#8221;off&#8221; global_colors_info=&#8221;{}&#8221;][et_pb_row _builder_version=&#8221;4.25.1&#8243; _module_preset=&#8221;default&#8221; custom_margin=&#8221;||||false|false&#8221; custom_padding=&#8221;25vh||0px||false|false&#8221; global_colors_info=&#8221;{}&#8221;][et_pb_column type=&#8221;4_4&#8243; _builder_version=&#8221;4.25.1&#8243; _module_preset=&#8221;default&#8221; global_colors_info=&#8221;{}&#8221;][et_pb_text _builder_version=&#8221;4.25.1&#8243; _module_preset=&#8221;default&#8221; text_font=&#8221;Cormorant-regular|300|||||||&#8221; text_text_color=&#8221;#FFFFFF&#8221; text_font_size=&#8221;70px&#8221; text_line_height=&#8221;78px&#8221; header_text_align=&#8221;center&#8221; header_text_color=&#8221;#FFFFFF&#8221; header_font_size=&#8221;70px&#8221; header_line_height=&#8221;75px&#8221; header_2_text_align=&#8221;center&#8221; header_2_text_color=&#8221;#FFFFFF&#8221; header_2_font_size=&#8221;70px&#8221; header_2_line_height=&#8221;78px&#8221; text_orientation=&#8221;center&#8221; custom_margin=&#8221;||0px||false|false&#8221; animation_style=&#8221;fade&#8221; animation_delay=&#8221;1000ms&#8221; text_font_size_tablet=&#8221;55px&#8221; text_font_size_phone=&#8221;45px&#8221; text_font_size_last_edited=&#8221;on|tablet&#8221; text_line_height_tablet=&#8221;63px&#8221; text_line_height_phone=&#8221;53px&#8221; text_line_height_last_edited=&#8221;on|phone&#8221; locked=&#8221;off&#8221; global_colors_info=&#8221;{}&#8221;]<\/p>\n<p>A unique setting,<\/p>\n<p>[\/et_pb_text][et_pb_text _builder_version=&#8221;4.25.1&#8243; _module_preset=&#8221;default&#8221; text_font=&#8221;Cormorant-regular|300|||||||&#8221; text_text_color=&#8221;#FFFFFF&#8221; text_font_size=&#8221;70px&#8221; text_line_height=&#8221;78px&#8221; header_text_align=&#8221;center&#8221; header_text_color=&#8221;#FFFFFF&#8221; header_font_size=&#8221;70px&#8221; header_line_height=&#8221;75px&#8221; header_2_text_align=&#8221;center&#8221; header_2_text_color=&#8221;#FFFFFF&#8221; header_2_font_size=&#8221;70px&#8221; header_2_line_height=&#8221;78px&#8221; text_orientation=&#8221;center&#8221; custom_margin=&#8221;||22vh||false|false&#8221; custom_margin_tablet=&#8221;||22vh||false|false&#8221; custom_margin_phone=&#8221;||15vh||false|false&#8221; custom_margin_last_edited=&#8221;on|tablet&#8221; animation_style=&#8221;fade&#8221; animation_delay=&#8221;2000ms&#8221; text_font_size_tablet=&#8221;55px&#8221; text_font_size_phone=&#8221;45px&#8221; text_font_size_last_edited=&#8221;on|phone&#8221; text_line_height_tablet=&#8221;63px&#8221; text_line_height_phone=&#8221;53px&#8221; text_line_height_last_edited=&#8221;on|phone&#8221; locked=&#8221;off&#8221; global_colors_info=&#8221;{}&#8221;]<\/p>\n<p>for a medieval atmosphere<\/p>\n<p>[\/et_pb_text][et_pb_button button_url=&#8221;#tournage&#8221; button_text=&#8221;Discover&#8221; _builder_version=&#8221;4.25.1&#8243; _module_preset=&#8221;60c7d238-2dc8-42ec-a649-e3f15e0243da&#8221; animation_delay=&#8221;3500ms&#8221; global_colors_info=&#8221;{}&#8221;][\/et_pb_button][\/et_pb_column][\/et_pb_row][\/et_pb_section][et_pb_section fb_built=&#8221;1&#8243; admin_label=&#8221;Text&#8221; module_id=&#8221;shooting&#8221; _builder_version=&#8221;4.25.1&#8243; _module_preset=&#8221;default&#8221; custom_padding=&#8221;20px|||||&#8221; locked=&#8221;off&#8221; collapsed=&#8221;on&#8221; global_colors_info=&#8221;{}&#8221;][et_pb_row make_equal=&#8221;on&#8221; _builder_version=&#8221;4.25.1&#8243; _module_preset=&#8221;5138c454-be54-4233-bd3b-f8e6a8747976&#8243; global_colors_info=&#8221;{}&#8221;][et_pb_column type=&#8221;4_4&#8243; _builder_version=&#8221;4.16.1&#8243; _module_preset=&#8221;73121f80-a3ef-4484-8763-c3f18e3c56d2&#8243; global_colors_info=&#8221;{}&#8221;][et_pb_text _builder_version=&#8221;4.25.1&#8243; _module_preset=&#8221;default&#8221; header_text_align=&#8221;center&#8221; global_colors_info=&#8221;{}&#8221;]<\/p>\n<h1>Film shooting \/ Photo shooting<\/h1>\n<p>[\/et_pb_text][et_pb_text ul_position=&#8221;inside&#8221; _builder_version=&#8221;4.25.1&#8243; _module_preset=&#8221;default&#8221; ul_text_align=&#8221;center&#8221; text_orientation=&#8221;center&#8221; max_width=&#8221;1000px&#8221; module_alignment=&#8221;center&#8221; global_colors_info=&#8221;{}&#8221;]<\/p>\n<p>Kerouz\u00e9r\u00e9 is a grand granite ch\u00e2teau located just 1km off the picturesque coasts of Finist\u00e8re. With its big round towers, this fortress was undeniably built to impress. Inside, its magnificent monumental spiral staircase leads to an incredibly light oak frame supporting the thick Monts d&#8217;Arr\u00e9e slate roof.<\/p>\n<p>The ch\u00e2teau lies in a 20-acres park that also features a dovecote, a fountain and a 19th-century covered washhouse. The raw decor already exists, and the rest is entirely up to you.<\/p>\n<p>[\/et_pb_text][et_pb_image src=&#8221;https:\/\/kerouzere.fr\/wp-content\/uploads\/2024\/05\/trait-dore-4x.png&#8221; title_text=&#8221;dore line-4x&#8221; _builder_version=&#8221;4.25.1&#8243; _module_preset=&#8221;c111bde7-f442-4e9f-b749-6d33d4a161aa&#8221; global_colors_info=&#8221;{}&#8221;][\/et_pb_image][et_pb_text ul_position=&#8221;inside&#8221; _builder_version=&#8221;4.25.1&#8243; _module_preset=&#8221;default&#8221; ul_text_align=&#8221;center&#8221; text_orientation=&#8221;center&#8221; max_width=&#8221;1000px&#8221; module_alignment=&#8221;center&#8221; custom_margin=&#8221;||19px|||&#8221; global_colors_info=&#8221;{}&#8221;]<\/p>\n<h2>They&#8217;ve already filmed at Ch\u00e2teau de Kerouz\u00e9r\u00e9<\/h2>\n<p>[\/et_pb_text][et_pb_image src=&#8221;https:\/\/kerouzere.fr\/wp-content\/uploads\/2024\/05\/Trait-or-moitie.png&#8221; title_text=&#8221;Trait or moitie&#8221; _builder_version=&#8221;4.25.1&#8243; _module_preset=&#8221;c111bde7-f442-4e9f-b749-6d33d4a161aa&#8221; max_width=&#8221;180px&#8221; custom_margin=&#8221;||23px||false|false&#8221; locked=&#8221;off&#8221; global_colors_info=&#8221;{}&#8221;][\/et_pb_image][et_pb_text ul_position=&#8221;inside&#8221; _builder_version=&#8221;4.25.1&#8243; _module_preset=&#8221;default&#8221; ul_text_align=&#8221;center&#8221; text_orientation=&#8221;center&#8221; max_width=&#8221;1000px&#8221; module_alignment=&#8221;center&#8221; global_colors_info=&#8221;{}&#8221;]<\/p>\n<ul>\n<li><strong>Jane Fonda<\/strong> in <strong>Roger Vadim<\/strong> &#8216;s <em>Histoires extraordinaires<\/em> (1968)<\/li>\n<li><strong>Philippe Noiret<\/strong> in <em>Que la f\u00eate commence<\/em> by <strong>Bertrand Tavernier<\/strong> (1975)<\/li>\n<li><strong>Audrey Fleurot <\/strong>and<strong> Fr\u00e9d\u00e9ric Diefenthal <\/strong>in the TV movie <em>Chateaubriand<\/em> by<strong> Pierre Aknine <\/strong>(2010)<\/li>\n<\/ul>\n<p>[\/et_pb_text][et_pb_button button_url=&#8221;https:\/\/kerouzere.fr\/en\/contact\/&#8221; button_text=&#8221;Contact us&#8221; button_alignment=&#8221;center&#8221; _builder_version=&#8221;4.25.1&#8243; _module_preset=&#8221;default&#8221; global_colors_info=&#8221;{}&#8221;][\/et_pb_button][\/et_pb_column][\/et_pb_row][\/et_pb_section]<\/p>\n","protected":false},"excerpt":{"rendered":"<p>A unique setting,for a medieval atmosphereFilm shooting \/ Photo shootingKerouz\u00e9r\u00e9 is a grand granite ch\u00e2teau located just 1km off the picturesque coasts of Finist\u00e8re. With its big round towers, this fortress was undeniably built to impress. Inside, its magnificent monumental spiral staircase leads to an incredibly light oak frame supporting the thick Monts d&#8217;Arr\u00e9e slate [&hellip;]<\/p>\n","protected":false},"author":1,"featured_media":0,"parent":0,"menu_order":0,"comment_status":"closed","ping_status":"closed","template":"","meta":{"_et_pb_use_builder":"on","_et_pb_old_content":"","_et_gb_content_width":"","footnotes":""},"class_list":["post-988","page","type-page","status-publish","hentry"],"_links":{"self":[{"href":"https:\/\/kerouzere.fr\/en\/wp-json\/wp\/v2\/pages\/988","targetHints":{"allow":["GET"]}}],"collection":[{"href":"https:\/\/kerouzere.fr\/en\/wp-json\/wp\/v2\/pages"}],"about":[{"href":"https:\/\/kerouzere.fr\/en\/wp-json\/wp\/v2\/types\/page"}],"author":[{"embeddable":true,"href":"https:\/\/kerouzere.fr\/en\/wp-json\/wp\/v2\/users\/1"}],"replies":[{"embeddable":true,"href":"https:\/\/kerouzere.fr\/en\/wp-json\/wp\/v2\/comments?post=988"}],"version-history":[{"count":7,"href":"https:\/\/kerouzere.fr\/en\/wp-json\/wp\/v2\/pages\/988\/revisions"}],"predecessor-version":[{"id":1344,"href":"https:\/\/kerouzere.fr\/en\/wp-json\/wp\/v2\/pages\/988\/revisions\/1344"}],"wp:attachment":[{"href":"https:\/\/kerouzere.fr\/en\/wp-json\/wp\/v2\/media?parent=988"}],"curies":[{"name":"wp","href":"https:\/\/api.w.org\/{rel}","templated":true}]}}